{"id":103,"date":"2020-10-21T12:36:49","date_gmt":"2020-10-21T10:36:49","guid":{"rendered":"https:\/\/21b92df9.al-web.de\/?page_id=103"},"modified":"2020-10-21T12:36:49","modified_gmt":"2020-10-21T10:36:49","slug":"neues-geraetehaus-fuer-die-lg-wengern","status":"publish","type":"page","link":"https:\/\/fv-lg-wengern.de\/?page_id=103","title":{"rendered":"Neues Ger\u00e4tehaus f\u00fcr die LG Wengern"},"content":{"rendered":"\n<div class=\"wp-block-themeisle-blocks-advanced-columns has-1-columns has-desktop-equal-layout has-tablet-equal-layout has-mobile-equal-layout has-default-gap has-vertical-unset\" id=\"wp-block-themeisle-blocks-advanced-columns-afe2a0ec\"><div class=\"wp-block-themeisle-blocks-advanced-columns-overlay\"><\/div><div class=\"innerblocks-wrap\">\n<div class=\"wp-block-themeisle-blocks-advanced-column\" id=\"wp-block-themeisle-blocks-advanced-column-0d145426\">\n<p><strong>An alle interessierten B\u00fcrger \/ innen<\/strong><\/p>\n\n\n\n<p><strong>und<\/strong><\/p>\n\n\n\n<p><strong>Leser\/innen unserer Homepage<\/strong><\/p>\n\n\n\n<p><strong>Warum ein neues Ger\u00e4tehaus f\u00fcr die L\u00f6schgruppe Wengern und<\/strong><\/p>\n\n\n\n<p><strong>warum an der Trienendorfer Stra\u00dfe 7 ??<\/strong><\/p>\n\n\n\n<p><em>Warum ein neues Ger\u00e4tehaus f\u00fcr die L\u00f6schgruppe Wengern ?<\/em><\/p>\n\n\n\n<p>Das alte Ger\u00e4tehaus entspricht nicht mehr den aktuellen Sicherheitsbestimmungen. Die Gr\u00f6\u00dfen der Fahrzeughallen, die Trennung von m\u00e4nnlichen und weiblichen Mitgliedern im Sozialbereich, die Hygienetrennung von privater, sauberer Kleidung zur verdreckten Einsatzkleidung, Raumgr\u00f6\u00dfen, fehlende R\u00e4ume f\u00fcr eine Notstromversorgung, ein kleines Kraftstofflager und ein Vorratslager auf der einen Seite und das marode Leitungsnetz von Heizung , Wasser und auch Strom auf der anderen Seite, sind hier unter anderem aufzuf\u00fchren.<\/p>\n\n\n\n<p><em>Warum an der Trienendorfer Stra\u00dfe?<\/em><\/p>\n\n\n\n<p>Die Feuerwehr soll schnellstm\u00f6glich an der Einsatzstelle eintreffen. Das bedingt aber ein Ger\u00e4tehaus, das an zentraler Stelle in der Mitte des Ortsteils liegt. Nur so sind im Alarmfalle kurze Wege zum Ger\u00e4tehaus und von dort zur Einsatzstelle gew\u00e4hrleistet.<\/p>\n\n\n\n<p>Wer immer diesen alten Standort festgelegt hat, er war ein Genie und hat den besten Punkt f\u00fcr den Ortsteil Wengern gefunden.<\/p>\n\n\n\n<p><em>Warum ist ein Anbau unsinnig und warum muss das alte Geb\u00e4ude abgerissen werden?<\/em><\/p>\n\n\n\n<p>Der Anbau der neuen Fahrzeughallen an das bestehende Geb\u00e4ude w\u00fcrde sehr gro\u00df werden, weiterhin ist der Anschluss der neuen Halle an das alte, marode Geb\u00e4ude bauphysikalisch nicht gut und wir bekommen wahrscheinlich schon wieder unterschiedliche Fu\u00dfbodenniveaus.<\/p>\n\n\n\n<p>Eine sinnvolle Unterbringung der gesetzlich geforderten R\u00e4ume in der notwendigen Gr\u00f6\u00dfe und Anordnung ist in dem alten Gem\u00e4uer kaum zu verwirklichen und wenn, dann nur mit ganz erheblichem Aufwand.<\/p>\n\n\n\n<p><em>Neubau<\/em><\/p>\n\n\n\n<p>Wenn das alte Geb\u00e4ude abgerissen wird, bietet die neue Grundfl\u00e4che gen\u00fcgend M\u00f6glichkeiten, ein in allen Belangen optimiertes Ger\u00e4tehaus zu bauen. Unter Ber\u00fccksichtigung<\/p>\n\n\n\n<p>der DIN und der Vorgaben der Unfallkasse sowie den \u00f6rtlichen<\/p>\n\n\n\n<p>Anforderungen hat die L\u00f6schgruppe einen ersten Vorschlag erarbeitet,<\/p>\n\n\n\n<p>der wesentlich kleiner ausf\u00e4llt als die Variante eines Anbaus. Wenn man<\/p>\n\n\n\n<p>den Entwurf der L\u00f6schgruppe aufgreift, so wird das Geb\u00e4ude zwar in der<\/p>\n\n\n\n<p>Grundfl\u00e4che etwas gr\u00f6\u00dfer als das jetzige Geb\u00e4ude (ca. bis zur Vorderkante der Garage), aber auch eine ganze Etage niedriger. Damit w\u00fcrde sich das Geb\u00e4ude dem Dorfkern gut anpassen.<\/p>\n\n\n\n<p><em>Optische Gestaltung<\/em><\/p>\n\n\n\n<p>Die weitere optische Anpassung des Geb\u00e4udes an den Dorfkern, obliegt dem Architekten.<\/p>\n\n\n\n<p>Bei den heutigen Baumaterialien ist sicherlich eine Fachwerkstruktur genauso m\u00f6glich wie eine Verschieferung des Geb\u00e4udes. Rote oder schwarze Dachpfannen&nbsp; stehen genauso zur Disposition wie eine Eindeckung mit Bieberschwanzplatten.<\/p>\n\n\n\n<p><em>Einsatzbereitschaft w\u00e4hrend der Bauphase<\/em><\/p>\n\n\n\n<p>Die L\u00f6schgruppe Wengern hat eine Zusage f\u00fcr die Bauzeit ein Ausweichquartier (Zeltbau)<\/p>\n\n\n\n<p>innerorts nutzen zu d\u00fcrfen, damit w\u00e4re der Henriette Davidis Platz von den Bauma\u00dfnahmen unber\u00fchrt.<\/p>\n\n\n\n<p><em>Parkpl\u00e4tze<\/em><\/p>\n\n\n\n<p>Hier m\u00fcssen wir zugeben, dass 4 \u00f6ffentliche Parkpl\u00e4tze zu Gunsten der Einsatzbereitschaft in Feuerwehrparkpl\u00e4tze umgewandelt werden m\u00fcssten. Eigentlich eine Ma\u00dfnahme, die schon vor Jahren h\u00e4tte erfolgen sollen. Zus\u00e4tzlich ist die Schaffung weiterer Parkpl\u00e4tze f\u00fcr die Einsatzkr\u00e4fte vorgesehen.&nbsp;&nbsp;<\/p>\n\n\n\n<p><strong><em>Fazit<\/em><\/strong><\/p>\n\n\n\n<p>Es ist weiterhin Ziel der Kameraden \/ innen sich mit aller Kraft \u2013 freiwillig und unentgeltlich &#8211;<\/p>\n\n\n\n<p>der \u201eAufgabe Feuerwehr\u201c zum Wohle der B\u00fcrger zu stellen. Um dieses Ziel zu unterst\u00fctzen und &nbsp;den Anforderungen in Punkto Sicherheit und Zukunftsf\u00e4higkeit gerecht zu werden, ist ein Neubau an zentraler Stelle erforderlich. Nur durch einen&nbsp; Neubau in zentraler Lage kann den Feuerwehrmitgliedern die M\u00f6glichkeit gegeben werden, auch weiterhin innerhalb von 8 Minuten nach der Alarmierung an der Einsatzstelle einzutreffen. (Vorgabe der Beh\u00f6rden).<\/p>\n\n\n\n<p>Mit freundlichen Gr\u00fc\u00dfen<\/p>\n\n\n\n<p>Der Vorstand des F\u00f6rdervereins<\/p>\n<\/div>\n<\/div><\/div>\n","protected":false},"excerpt":{"rendered":"","protected":false},"author":1,"featured_media":0,"parent":0,"menu_order":0,"comment_status":"closed","ping_status":"closed","template":"","meta":{"saved_in_kubio":false,"_themeisle_gutenberg_block_has_review":false,"footnotes":""},"class_list":["post-103","page","type-page","status-publish","hentry"],"kubio_ai_page_context":{"short_desc":"","purpose":"general"},"_links":{"self":[{"href":"https:\/\/fv-lg-wengern.de\/index.php?rest_route=\/wp\/v2\/pages\/103","targetHints":{"allow":["GET"]}}],"collection":[{"href":"https:\/\/fv-lg-wengern.de\/index.php?rest_route=\/wp\/v2\/pages"}],"about":[{"href":"https:\/\/fv-lg-wengern.de\/index.php?rest_route=\/wp\/v2\/types\/page"}],"author":[{"embeddable":true,"href":"https:\/\/fv-lg-wengern.de\/index.php?rest_route=\/wp\/v2\/users\/1"}],"replies":[{"embeddable":true,"href":"https:\/\/fv-lg-wengern.de\/index.php?rest_route=%2Fwp%2Fv2%2Fcomments&post=103"}],"version-history":[{"count":1,"href":"https:\/\/fv-lg-wengern.de\/index.php?rest_route=\/wp\/v2\/pages\/103\/revisions"}],"predecessor-version":[{"id":104,"href":"https:\/\/fv-lg-wengern.de\/index.php?rest_route=\/wp\/v2\/pages\/103\/revisions\/104"}],"wp:attachment":[{"href":"https:\/\/fv-lg-wengern.de\/index.php?rest_route=%2Fwp%2Fv2%2Fmedia&parent=103"}],"curies":[{"name":"wp","href":"https:\/\/api.w.org\/{rel}","templated":true}]}}